{"id":75771,"date":"2017-08-07T20:10:55","date_gmt":"2017-08-07T20:10:55","guid":{"rendered":"http:\/\/plenitudeeng.com.br\/site\/?page_id=75771"},"modified":"2017-08-10T20:22:51","modified_gmt":"2017-08-10T20:22:51","slug":"biblioteca-engenharia-mecanica","status":"publish","type":"page","link":"http:\/\/plenitudeeng.com.br\/site\/biblioteca-engenharia-mecanica\/","title":{"rendered":"Biblioteca Engenharia Mec\u00e2nica"},"content":{"rendered":"<p>[vc_row][vc_column][vc_tta_accordion style=&#8221;flat&#8221; shape=&#8221;square&#8221; color=&#8221;blue&#8221; spacing=&#8221;1&#8243; gap=&#8221;1&#8243; c_icon=&#8221;chevron&#8221; active_section=&#8221;1&#8243; no_fill=&#8221;true&#8221;][vc_tta_section title=&#8221;A\u00e7o Inox Ficha T\u00e9cnica&#8221; tab_id=&#8221;aco-inox-ficha-tecnica&#8221;][vc_column_text css=&#8221;.vc_custom_1502137247509{margin-top: 15px !important;margin-bottom: 10px !important;}&#8221;]<span style=\"color: #000000; font-size: 16px;\"><a href=\"http:\/\/plenitudeeng.com.br\/site\/wp-content\/uploads\/2017\/08\/A\u00e7o-Inox-Ficha-T\u00e9cnica.jpg\" target=\"_blank\"><img decoding=\"async\" loading=\"lazy\" class=\"alignnone wp-image-75729\" style=\"padding-right: 20px; margin-top: -11px;\" src=\"http:\/\/plenitudeeng.com.br\/site\/wp-content\/uploads\/2017\/08\/icone_imagem.png\" alt=\"excel\" width=\"60\" height=\"57\" \/>A\u00e7o Inox Ficha T\u00e9cnica<\/a><\/span>[\/vc_column_text][\/vc_tta_section][vc_tta_section title=&#8221;Apostila Eletrodo&#8221; tab_id=&#8221;apostila-eletrodo&#8221;][vc_column_text css=&#8221;.vc_custom_1502137323510{margin-top: 15px !important;margin-bottom: 10px !important;}&#8221;]<span style=\"color: #000000; font-size: 16px;\"><a href=\"http:\/\/plenitudeeng.com.br\/site\/wp-content\/uploads\/2017\/08\/Apostila-Eletrodo.pdf\" target=\"_blank\"><img decoding=\"async\" loading=\"lazy\" class=\"alignnone wp-image-75729\" style=\"padding-right: 20px; margin-top: -4px;\" src=\"http:\/\/plenitudeeng.com.br\/site\/wp-content\/uploads\/2017\/08\/pdf.jpg\" alt=\"excel\" width=\"60\" height=\"57\" \/>Apostila Eletrodo<\/a><\/span>[\/vc_column_text][\/vc_tta_section][vc_tta_section title=&#8221;Apostila Soldas Especiais&#8221; tab_id=&#8221;Apostila-soldas-especiais&#8221;][vc_column_text css=&#8221;.vc_custom_1502137392103{margin-top: 15px !important;margin-bottom: 10px !important;}&#8221;]<span style=\"color: #000000; font-size: 16px;\"><a href=\"http:\/\/plenitudeeng.com.br\/site\/wp-content\/uploads\/2017\/08\/Apostila-Soldas-Especiais.pdf\" target=\"_blank\"><img decoding=\"async\" loading=\"lazy\" class=\"alignnone wp-image-75729\" style=\"padding-right: 20px; margin-top: -4px;\" src=\"http:\/\/plenitudeeng.com.br\/site\/wp-content\/uploads\/2017\/08\/pdf.jpg\" alt=\"excel\" width=\"60\" height=\"57\" \/>Apostila Soldas Especiais<\/a><\/span>[\/vc_column_text][\/vc_tta_section][vc_tta_section title=&#8221;Arquitetura em A\u00e7o&#8221; tab_id=&#8221;arquitetura-em-aco&#8221;][vc_column_text css=&#8221;.vc_custom_1502137455509{margin-top: 15px !important;margin-bottom: 10px !important;}&#8221;]<span style=\"color: #000000; font-size: 16px;\"><a href=\"http:\/\/plenitudeeng.com.br\/site\/wp-content\/uploads\/2017\/08\/Arquitetura-em-A\u00e7o.pdf\" target=\"_blank\"><img decoding=\"async\" loading=\"lazy\" class=\"alignnone wp-image-75729\" style=\"padding-right: 20px; margin-top: -4px;\" src=\"http:\/\/plenitudeeng.com.br\/site\/wp-content\/uploads\/2017\/08\/pdf.jpg\" alt=\"excel\" width=\"60\" height=\"57\" \/>Arquitetura em A\u00e7o<\/a><\/span>[\/vc_column_text][\/vc_tta_section][vc_tta_section title=&#8221;ASME IX&#8221; tab_id=&#8221;asme-IX&#8221;][vc_column_text css=&#8221;.vc_custom_1502137507896{margin-top: 15px !important;margin-bottom: 10px !important;}&#8221;]<span style=\"color: #000000; font-size: 16px;\"><a href=\"http:\/\/plenitudeeng.com.br\/site\/wp-content\/uploads\/2017\/08\/ASME-IX.pdf\" target=\"_blank\"><img decoding=\"async\" loading=\"lazy\" class=\"alignnone wp-image-75729\" style=\"padding-right: 20px; margin-top: -4px;\" src=\"http:\/\/plenitudeeng.com.br\/site\/wp-content\/uploads\/2017\/08\/pdf.jpg\" alt=\"excel\" width=\"60\" height=\"57\" \/>ASME IX<\/a><\/span>[\/vc_column_text][\/vc_tta_section][vc_tta_section title=&#8221;Chaveta&#8221; tab_id=&#8221;chaveta&#8221;][vc_column_text css=&#8221;.vc_custom_1502137553644{margin-top: 15px !important;margin-bottom: 10px !important;}&#8221;]<span style=\"color: #000000; font-size: 16px;\"><a href=\"http:\/\/plenitudeeng.com.br\/site\/wp-content\/uploads\/2017\/08\/Chaveta.pdf\" target=\"_blank\"><img decoding=\"async\" loading=\"lazy\" class=\"alignnone wp-image-75729\" style=\"padding-right: 20px; margin-top: -4px;\" src=\"http:\/\/plenitudeeng.com.br\/site\/wp-content\/uploads\/2017\/08\/pdf.jpg\" alt=\"excel\" width=\"60\" height=\"57\" \/>Chaveta<\/a><\/span>[\/vc_column_text][\/vc_tta_section][vc_tta_section title=&#8221;Composi\u00e7\u00e3o Qu\u00edmica A\u00e7os&#8221; tab_id=&#8221;composicao-quimica-acos&#8221;][vc_column_text css=&#8221;.vc_custom_1502137614747{margin-top: 15px !important;margin-bottom: 10px !important;}&#8221;]<span style=\"color: #000000; font-size: 16px;\"><a href=\"http:\/\/plenitudeeng.com.br\/site\/wp-content\/uploads\/2017\/08\/Composi\u00e7\u00e3o-qu\u00edmica-a\u00e7os.pdf\" target=\"_blank\"><img decoding=\"async\" loading=\"lazy\" class=\"alignnone wp-image-75729\" style=\"padding-right: 20px; margin-top: -4px;\" src=\"http:\/\/plenitudeeng.com.br\/site\/wp-content\/uploads\/2017\/08\/pdf.jpg\" alt=\"excel\" width=\"60\" height=\"57\" \/>Composi\u00e7\u00e3o Qu\u00edmica A\u00e7os<\/a><\/span>[\/vc_column_text][\/vc_tta_section][vc_tta_section title=&#8221;Elevador de caneca&#8221; tab_id=&#8221;Elevador-de-caneca&#8221;][vc_column_text css=&#8221;.vc_custom_1502137687483{margin-top: 15px !important;margin-bottom: 10px !important;}&#8221;]<span style=\"color: #000000; font-size: 16px;\"><a href=\"http:\/\/plenitudeeng.com.br\/site\/wp-content\/uploads\/2017\/08\/Elevador-de-caneca.pdf\" target=\"_blank\"><img decoding=\"async\" loading=\"lazy\" class=\"alignnone wp-image-75729\" style=\"padding-right: 20px; margin-top: -4px;\" src=\"http:\/\/plenitudeeng.com.br\/site\/wp-content\/uploads\/2017\/08\/pdf.jpg\" alt=\"excel\" width=\"60\" height=\"57\" \/>Elevador de caneca<\/a><\/span>[\/vc_column_text][\/vc_tta_section][vc_tta_section title=&#8221;Galp\u00f5es em Porticos Met\u00e1licos&#8221; tab_id=&#8221;galpoes-em-porticos-metalicos&#8221;][vc_column_text css=&#8221;.vc_custom_1502137797162{margin-top: 15px !important;margin-bottom: 10px !important;}&#8221;]<span style=\"color: #000000; font-size: 16px;\"><a href=\"http:\/\/plenitudeeng.com.br\/site\/wp-content\/uploads\/2017\/08\/GALP\u00d5ES-EM-PORTICOS-METALICOS.pdf\" target=\"_blank\"><img decoding=\"async\" loading=\"lazy\" class=\"alignnone wp-image-75729\" style=\"padding-right: 20px; margin-top: -4px;\" src=\"http:\/\/plenitudeeng.com.br\/site\/wp-content\/uploads\/2017\/08\/pdf.jpg\" alt=\"excel\" width=\"60\" height=\"57\" \/>Galp\u00f5es em Porticos Met\u00e1licos<\/a><\/span>[\/vc_column_text][\/vc_tta_section][vc_tta_section title=&#8221;Galp\u00f5es para uso geral&#8221; tab_id=&#8221;galpoes-para-uso-geral&#8221;][vc_column_text css=&#8221;.vc_custom_1502137847971{margin-top: 15px !important;margin-bottom: 10px !important;}&#8221;]<span style=\"color: #000000; font-size: 16px;\"><a href=\"http:\/\/plenitudeeng.com.br\/site\/wp-content\/uploads\/2017\/08\/Galp\u00f5es-para-uso-geral.pdf\" target=\"_blank\"><img decoding=\"async\" loading=\"lazy\" class=\"alignnone wp-image-75729\" style=\"padding-right: 20px; margin-top: -4px;\" src=\"http:\/\/plenitudeeng.com.br\/site\/wp-content\/uploads\/2017\/08\/pdf.jpg\" alt=\"excel\" width=\"60\" height=\"57\" \/>Galp\u00f5es para uso geral<\/a><\/span>[\/vc_column_text][\/vc_tta_section][vc_tta_section title=&#8221;Tabela de convers\u00e3o de medida&#8221; tab_id=&#8221;tabela-de-conversao-de-medida&#8221;][vc_column_text css=&#8221;.vc_custom_1502137917938{margin-top: 15px !important;margin-bottom: 10px !important;}&#8221;]<span style=\"color: #000000; font-size: 16px;\"><a href=\"http:\/\/plenitudeeng.com.br\/site\/wp-content\/uploads\/2017\/08\/Tabela-de-convers\u00e3o-de-medida.pdf\" target=\"_blank\"><img decoding=\"async\" loading=\"lazy\" class=\"alignnone wp-image-75729\" style=\"padding-right: 20px; margin-top: -4px;\" src=\"http:\/\/plenitudeeng.com.br\/site\/wp-content\/uploads\/2017\/08\/pdf.jpg\" alt=\"excel\" width=\"60\" height=\"57\" \/>Tabela de convers\u00e3o de medida<\/a><\/span>[\/vc_column_text][\/vc_tta_section][vc_tta_section title=&#8221;Tabela de convers\u00e3o de unidades&#8221; tab_id=&#8221;tabela-de-conversao-de-unidades&#8221;][vc_column_text css=&#8221;.vc_custom_1502137968745{margin-top: 15px !important;margin-bottom: 10px !important;}&#8221;]<span style=\"color: #000000; font-size: 16px;\"><a href=\"http:\/\/plenitudeeng.com.br\/site\/wp-content\/uploads\/2017\/08\/Tabela-de-convers\u00e3o-de-unidades.pdf\" target=\"_blank\"><img decoding=\"async\" loading=\"lazy\" class=\"alignnone wp-image-75729\" style=\"padding-right: 20px; margin-top: -4px;\" src=\"http:\/\/plenitudeeng.com.br\/site\/wp-content\/uploads\/2017\/08\/pdf.jpg\" alt=\"excel\" width=\"60\" height=\"57\" \/>Tabela de convers\u00e3o de unidades<\/a><\/span>[\/vc_column_text][\/vc_tta_section][vc_tta_section title=&#8221;Tabela de flanges B16.5&#8243; tab_id=&#8221;Tabela-de-flanges-B165&#8243;][vc_column_text css=&#8221;.vc_custom_1502138797887{margin-top: 15px !important;margin-bottom: 10px !important;}&#8221;]<span style=\"color: #000000; font-size: 16px;\"><a href=\"http:\/\/plenitudeeng.com.br\/site\/wp-content\/uploads\/2017\/08\/Tabela-de-flanges-B16.5.pdf\" target=\"_blank\"><img decoding=\"async\" loading=\"lazy\" class=\"alignnone wp-image-75729\" style=\"padding-right: 20px; margin-top: -4px;\" src=\"http:\/\/plenitudeeng.com.br\/site\/wp-content\/uploads\/2017\/08\/pdf.jpg\" alt=\"excel\" width=\"60\" height=\"57\" \/>Tabela de flanges B16.5<\/a><\/span>[\/vc_column_text][\/vc_tta_section][vc_tta_section title=&#8221;Tabela de furo e rasgo de Chaveta Norma AGMA 512&#8243; tab_id=&#8221;Tabela-de-furo-e-rasgo-de-Chaveta-Norma-AGMA-512&#8243;][vc_column_text css=&#8221;.vc_custom_1502138113586{margin-top: 15px !important;margin-bottom: 10px !important;}&#8221;]<span style=\"color: #000000; font-size: 16px;\"><a href=\"http:\/\/plenitudeeng.com.br\/site\/wp-content\/uploads\/2017\/08\/Tabela-de-furo-e-rasgo-de-Chaveta-Norma-AGMA-512.pdf\" target=\"_blank\"><img decoding=\"async\" loading=\"lazy\" class=\"alignnone wp-image-75729\" style=\"padding-right: 20px; margin-top: -4px;\" src=\"http:\/\/plenitudeeng.com.br\/site\/wp-content\/uploads\/2017\/08\/pdf.jpg\" alt=\"excel\" width=\"60\" height=\"57\" \/>Tabela de furo e rasgo de Chaveta Norma AGMA 512<\/a><\/span>[\/vc_column_text][\/vc_tta_section][vc_tta_section title=&#8221;Tabela de furo e rasgo de Chaveta Norma DIN 68851&#8243; tab_id=&#8221;Tabela-de-furo-e-rasgo-de-Chaveta-Norma-DIN-68851&#8243;][vc_column_text css=&#8221;.vc_custom_1502138174672{margin-top: 15px !important;margin-bottom: 10px !important;}&#8221;]<span style=\"color: #000000; font-size: 16px;\"><a href=\"http:\/\/plenitudeeng.com.br\/site\/wp-content\/uploads\/2017\/08\/Tabela-de-furo-e-rasgo-de-Chaveta-Norma-DIN-68851.pdf\" target=\"_blank\"><img decoding=\"async\" loading=\"lazy\" class=\"alignnone wp-image-75729\" style=\"padding-right: 20px; margin-top: -4px;\" src=\"http:\/\/plenitudeeng.com.br\/site\/wp-content\/uploads\/2017\/08\/pdf.jpg\" alt=\"excel\" width=\"60\" height=\"57\" \/>Tabela de furo e rasgo de Chaveta Norma DIN 68851<\/a><\/span>[\/vc_column_text][\/vc_tta_section][vc_tta_section title=&#8221;Tabela de torque em parafusos&#8221; tab_id=&#8221;tabela-de-torque-de-parafusos&#8221;][vc_column_text css=&#8221;.vc_custom_1502138261561{margin-top: 15px !important;margin-bottom: 10px !important;}&#8221;]<span style=\"color: #000000; font-size: 16px;\"><a href=\"http:\/\/plenitudeeng.com.br\/site\/wp-content\/uploads\/2017\/08\/Tabela-de-torque-em-parafusos.pdf\" target=\"_blank\"><img decoding=\"async\" loading=\"lazy\" class=\"alignnone wp-image-75729\" style=\"padding-right: 20px; margin-top: -4px;\" src=\"http:\/\/plenitudeeng.com.br\/site\/wp-content\/uploads\/2017\/08\/pdf.jpg\" alt=\"excel\" width=\"60\" height=\"57\" \/>Tabela de torque em parafusos<\/a><\/span>[\/vc_column_text][\/vc_tta_section][vc_tta_section title=&#8221;Tabela ISO metal duro&#8221; tab_id=&#8221;tabela-ISO-metal-duro&#8221;][vc_column_text css=&#8221;.vc_custom_1502138307472{margin-top: 15px !important;margin-bottom: 10px !important;}&#8221;]<span style=\"color: #000000; font-size: 16px;\"><a href=\"http:\/\/plenitudeeng.com.br\/site\/wp-content\/uploads\/2017\/08\/Tabela-ISO-metal-duro.png\" target=\"_blank\"><img decoding=\"async\" loading=\"lazy\" class=\"alignnone wp-image-75729\" style=\"padding-right: 20px; margin-top: -11px;\" src=\"http:\/\/plenitudeeng.com.br\/site\/wp-content\/uploads\/2017\/08\/icone_imagem.png\" alt=\"excel\" width=\"60\" height=\"57\" \/>Tabela ISO metal duro<\/a><\/span>[\/vc_column_text][\/vc_tta_section][vc_tta_section title=&#8221;Tabela opera\u00e7\u00f5es&#8221; tab_id=&#8221;tabela-operacoes&#8221;][vc_column_text css=&#8221;.vc_custom_1502138380999{margin-top: 15px !important;margin-bottom: 10px !important;}&#8221;]<span style=\"color: #000000; font-size: 16px;\"><a href=\"http:\/\/plenitudeeng.com.br\/site\/wp-content\/uploads\/2017\/08\/Tabela-opera\u00e7\u00e3os.png\" target=\"_blank\"><img decoding=\"async\" loading=\"lazy\" class=\"alignnone wp-image-75729\" style=\"padding-right: 20px; margin-top: -11px;\" src=\"http:\/\/plenitudeeng.com.br\/site\/wp-content\/uploads\/2017\/08\/icone_imagem.png\" alt=\"excel\" width=\"60\" height=\"57\" \/>Tabela opera\u00e7\u00f5es<\/a><\/span>[\/vc_column_text][\/vc_tta_section][vc_tta_section title=&#8221;Toler\u00e2ncia e Ajustes Mec\u00e2nicos&#8221; tab_id=&#8221;tolerancia-e-ajustes-mecanicos&#8221;][vc_column_text css=&#8221;.vc_custom_1502138431906{margin-top: 15px !important;margin-bottom: 10px !important;}&#8221;]<span style=\"color: #000000; font-size: 16px;\"><a href=\"http:\/\/plenitudeeng.com.br\/site\/wp-content\/uploads\/2017\/08\/Toler\u00e2ncia-e-Ajustes-Mec\u00e2nicos.jpg\" target=\"_blank\"><img decoding=\"async\" loading=\"lazy\" class=\"alignnone wp-image-75729\" style=\"padding-right: 20px; margin-top: -11px;\" src=\"http:\/\/plenitudeeng.com.br\/site\/wp-content\/uploads\/2017\/08\/icone_imagem.png\" alt=\"excel\" width=\"60\" height=\"57\" \/>Toler\u00e2ncia e Ajustes Mec\u00e2nicos<\/a><\/span>[\/vc_column_text][\/vc_tta_section][vc_tta_section title=&#8221;Transporte e Montagem&#8221; tab_id=&#8221;transporte-e-montagem&#8221;][vc_column_text]<span style=\"color: #000000; font-size: 16px;\"><a href=\"http:\/\/plenitudeeng.com.br\/site\/wp-content\/uploads\/2017\/08\/Transporte-e-Montagem-1.pdf\" target=\"_blank\"><img decoding=\"async\" loading=\"lazy\" class=\"alignnone wp-image-75729\" style=\"padding-right: 20px; margin-top: -4px;\" src=\"http:\/\/plenitudeeng.com.br\/site\/wp-content\/uploads\/2017\/08\/pdf.jpg\" alt=\"excel\" width=\"60\" height=\"57\" \/>Transporte e Montagem<\/a><\/span>[\/vc_column_text][\/vc_tta_section][\/vc_tta_accordion][\/vc_column][\/vc_row]<\/p>\n","protected":false},"excerpt":{"rendered":"<p>[vc_row][vc_column][vc_tta_accordion style=&#8221;flat&#8221; shape=&#8221;square&#8221; color=&#8221;blue&#8221; spacing=&#8221;1&#8243; gap=&#8221;1&#8243; c_icon=&#8221;chevron&#8221; active_section=&#8221;1&#8243; no_fill=&#8221;true&#8221;][vc_tta_section title=&#8221;A\u00e7o Inox Ficha T\u00e9cnica&#8221; tab_id=&#8221;aco-inox-ficha-tecnica&#8221;][vc_column_text css=&#8221;.vc_custom_1502137247509{margin-top: 15px !important;margin-bottom: 10px !important;}&#8221;]A\u00e7o Inox Ficha T\u00e9cnica[\/vc_column_text][\/vc_tta_section][vc_tta_section title=&#8221;Apostila Eletrodo&#8221; tab_id=&#8221;apostila-eletrodo&#8221;][vc_column_text css=&#8221;.vc_custom_1502137323510{margin-top: 15px !important;margin-bottom: 10px !important;}&#8221;]Apostila Eletrodo[\/vc_column_text][\/vc_tta_section][vc_tta_section title=&#8221;Apostila Soldas Especiais&#8221; tab_id=&#8221;Apostila-soldas-especiais&#8221;][vc_column_text css=&#8221;.vc_custom_1502137392103{margin-top: 15px !important;margin-bottom: 10px !important;}&#8221;]Apostila Soldas Especiais[\/vc_column_text][\/vc_tta_section][vc_tta_section title=&#8221;Arquitetura em A\u00e7o&#8221; tab_id=&#8221;arquitetura-em-aco&#8221;][vc_column_text css=&#8221;.vc_custom_1502137455509{margin-top: 15px !important;margin-bottom: 10px !important;}&#8221;]Arquitetura em A\u00e7o[\/vc_column_text][\/vc_tta_section][vc_tta_section title=&#8221;ASME IX&#8221; [&hellip;]<\/p>\n","protected":false},"author":1,"featured_media":0,"parent":0,"menu_order":0,"comment_status":"closed","ping_status":"closed","template":"","meta":[],"aioseo_notices":[],"_links":{"self":[{"href":"http:\/\/plenitudeeng.com.br\/site\/wp-json\/wp\/v2\/pages\/75771"}],"collection":[{"href":"http:\/\/plenitudeeng.com.br\/site\/wp-json\/wp\/v2\/pages"}],"about":[{"href":"http:\/\/plenitudeeng.com.br\/site\/wp-json\/wp\/v2\/types\/page"}],"author":[{"embeddable":true,"href":"http:\/\/plenitudeeng.com.br\/site\/wp-json\/wp\/v2\/users\/1"}],"replies":[{"embeddable":true,"href":"http:\/\/plenitudeeng.com.br\/site\/wp-json\/wp\/v2\/comments?post=75771"}],"version-history":[{"count":5,"href":"http:\/\/plenitudeeng.com.br\/site\/wp-json\/wp\/v2\/pages\/75771\/revisions"}],"predecessor-version":[{"id":75822,"href":"http:\/\/plenitudeeng.com.br\/site\/wp-json\/wp\/v2\/pages\/75771\/revisions\/75822"}],"wp:attachment":[{"href":"http:\/\/plenitudeeng.com.br\/site\/wp-json\/wp\/v2\/media?parent=75771"}],"curies":[{"name":"wp","href":"https:\/\/api.w.org\/{rel}","templated":true}]}}