{"id":75446,"date":"2017-07-20T20:45:55","date_gmt":"2017-07-20T20:45:55","guid":{"rendered":"http:\/\/plenitudeeng.com.br\/site\/?page_id=75446"},"modified":"2017-07-26T19:11:34","modified_gmt":"2017-07-26T19:11:34","slug":"fabricacao-e-montagem-industrial","status":"publish","type":"page","link":"http:\/\/plenitudeeng.com.br\/site\/fabricacao-e-montagem-industrial\/","title":{"rendered":"Fabrica\u00e7\u00e3o e Montagem Industrial"},"content":{"rendered":"<p>[vc_row][vc_column][vc_custom_heading text=&#8221;Engenharia de Fabrica\u00e7\u00e3o&#8221; font_container=&#8221;tag:h2|font_size:24px|text_align:center&#8221; el_class=&#8221;heading-title-3&#8243;][vc_column_text css=&#8221;.vc_custom_1500649636442{margin-top: -30px !important;}&#8221;]<\/p>\n<p style=\"text-align: justify;\">A Plenitude Engenharia, conta com equipe de profissionais capacitados e com experi\u00eancia em processos de fabrica\u00e7\u00e3o e parceiros renomados no mercado de trabalho, utilizando de m\u00e9todos e equipamentos de ponta para oferecer aos seus clientes um servi\u00e7o de qualidade, pontualidade e garantia.<\/p>\n<ul style=\"text-align: justify;\">\n<li><strong>Fabrica\u00e7\u00e3o de Equipamentos (Elevadores, Misturadores, Caixa Hooper, Ponte Rolante, Rosca Helicoidal, Rotor, Peneiras, Serpentinas, Sopradores, Ventiladores, Exaustores, Atenuadores, Elevadores, Misturadores, Dispositivos de I\u00e7amento, Esteira Transportadores, Dispositivos de I\u00e7amento, Reservat\u00f3rios Met\u00e1licos, Vasos de Press\u00e3o, Silos, Moegas e outros);<\/strong><\/li>\n<li><strong>Fabrica\u00e7\u00e3o de Estruturas Met\u00e1licas (Galp\u00f5es, Coberturas, Estruturas de Sustenta\u00e7\u00e3o, Pr\u00e9dios Industriais e Comerciais, Gin\u00e1sios de Esporte, Mezaninos, Passarelas e outros);<\/strong><\/li>\n<li><strong>Fabrica\u00e7\u00e3o de Tubula\u00e7\u00e3o (Rede de Hidrante, Tubula\u00e7\u00e3o de Vapor, Tubula\u00e7\u00e3o para Agua de processo, Tubula\u00e7\u00e3o de transfer\u00eancia e outros).<\/strong><\/li>\n<\/ul>\n<p>[\/vc_column_text][vc_custom_heading text=&#8221;Engenharia de Montagem Mec\u00e2nica&#8221; font_container=&#8221;tag:h2|font_size:24px|text_align:center&#8221; el_class=&#8221;heading-title-3&#8243; css=&#8221;.vc_custom_1500649563528{margin-top: 30px !important;}&#8221;][vc_column_text css=&#8221;.vc_custom_1500649572417{margin-top: -30px !important;}&#8221;]<\/p>\n<p style=\"text-align: justify;\">A Plenitude Engenharia oferece aos seus clientes presta\u00e7\u00e3o de servi\u00e7o em Montagem Industrial disponibilizando equipe de profissionais capacitados, certificados e aptos a exercerem as atividades propostas como tamb\u00e9m conta com empresas parceiras de renomes no mercado de trabalho colocando a disposi\u00e7\u00e3o do cliente toda infraestrutura necess\u00e1ria para execu\u00e7\u00e3o de obra com qualidade efici\u00eancia, seguran\u00e7a e pontualidade.<\/p>\n<ul>\n<li style=\"text-align: justify;\"><strong>Montagem de Equipamentos;<\/strong><\/li>\n<li style=\"text-align: justify;\"><strong>Montagem de Estruturas Met\u00e1licas e Mistas;<\/strong><\/li>\n<li style=\"text-align: justify;\"><strong>Montagem de Processos e linhas de Produ\u00e7\u00e3o;<\/strong><\/li>\n<li style=\"text-align: justify;\"><strong>Montagem de Tubula\u00e7\u00f5es (SCI \u2013 Sistema de Combate a Inc\u00eandio, Tubula\u00e7\u00f5es de Transfer\u00eancia e outras).<\/strong><\/li>\n<li style=\"text-align: justify;\"><strong>Montagem de Reservat\u00f3rios<\/strong><\/li>\n<\/ul>\n<p>[\/vc_column_text][vc_single_image image=&#8221;75468&#8243; img_size=&#8221;full&#8221; alignment=&#8221;center&#8221; css_animation=&#8221;fadeIn&#8221; css=&#8221;.vc_custom_1500649160863{margin-top: 10px !important;}&#8221;][\/vc_column][\/vc_row]<\/p>\n","protected":false},"excerpt":{"rendered":"<p>[vc_row][vc_column][vc_custom_heading text=&#8221;Engenharia de Fabrica\u00e7\u00e3o&#8221; font_container=&#8221;tag:h2|font_size:24px|text_align:center&#8221; el_class=&#8221;heading-title-3&#8243;][vc_column_text css=&#8221;.vc_custom_1500649636442{margin-top: -30px !important;}&#8221;] A Plenitude Engenharia, conta com equipe de profissionais capacitados e com experi\u00eancia em processos de fabrica\u00e7\u00e3o e parceiros renomados no mercado de trabalho, utilizando de m\u00e9todos e equipamentos de ponta para oferecer aos seus clientes um servi\u00e7o de qualidade, pontualidade e garantia. Fabrica\u00e7\u00e3o de Equipamentos (Elevadores, [&hellip;]<\/p>\n","protected":false},"author":1,"featured_media":0,"parent":0,"menu_order":0,"comment_status":"closed","ping_status":"closed","template":"","meta":[],"aioseo_notices":[],"_links":{"self":[{"href":"http:\/\/plenitudeeng.com.br\/site\/wp-json\/wp\/v2\/pages\/75446"}],"collection":[{"href":"http:\/\/plenitudeeng.com.br\/site\/wp-json\/wp\/v2\/pages"}],"about":[{"href":"http:\/\/plenitudeeng.com.br\/site\/wp-json\/wp\/v2\/types\/page"}],"author":[{"embeddable":true,"href":"http:\/\/plenitudeeng.com.br\/site\/wp-json\/wp\/v2\/users\/1"}],"replies":[{"embeddable":true,"href":"http:\/\/plenitudeeng.com.br\/site\/wp-json\/wp\/v2\/comments?post=75446"}],"version-history":[{"count":6,"href":"http:\/\/plenitudeeng.com.br\/site\/wp-json\/wp\/v2\/pages\/75446\/revisions"}],"predecessor-version":[{"id":75473,"href":"http:\/\/plenitudeeng.com.br\/site\/wp-json\/wp\/v2\/pages\/75446\/revisions\/75473"}],"wp:attachment":[{"href":"http:\/\/plenitudeeng.com.br\/site\/wp-json\/wp\/v2\/media?parent=75446"}],"curies":[{"name":"wp","href":"https:\/\/api.w.org\/{rel}","templated":true}]}}